{"id":28222,"date":"2025-12-05T11:18:29","date_gmt":"2025-12-05T10:18:29","guid":{"rendered":"https:\/\/catalogo.recanvia.com\/?page_id=28222"},"modified":"2025-12-05T11:44:17","modified_gmt":"2025-12-05T10:44:17","slug":"mi-cuenta","status":"publish","type":"page","link":"https:\/\/catalogo.recanvia.com\/en\/mi-cuenta\/","title":{"rendered":"Mi Cuenta"},"content":{"rendered":"<div data-elementor-type=\"wp-page\" data-elementor-id=\"28222\" class=\"elementor elementor-28222\" data-elementor-post-type=\"page\">\n\t\t\t\t<div class=\"elementor-element elementor-element-361ec12 e-flex e-con-boxed e-con e-parent\" data-id=\"361ec12\" data-element_type=\"container\" data-e-type=\"container\" data-settings=\"{&quot;jet_parallax_layout_list&quot;:[]}\">\n\t\t\t\t\t<div class=\"e-con-inner\">\n\t\t\t\t<div class=\"elementor-element elementor-element-3f60f7b elementor-widget elementor-widget-heading\" data-id=\"3f60f7b\" data-element_type=\"widget\" data-e-type=\"widget\" data-widget_type=\"heading.default\">\n\t\t\t\t<div class=\"elementor-widget-container\">\n\t\t\t\t\t<h1 class=\"elementor-heading-title elementor-size-default\">Mi Cuenta de Recanvia<\/h1>\t\t\t\t<\/div>\n\t\t\t\t<\/div>\n\t\t\t\t<div class=\"elementor-element elementor-element-7765e0b elementor-widget elementor-widget-eael-woo-account-dashboard\" data-id=\"7765e0b\" data-element_type=\"widget\" data-e-type=\"widget\" data-settings=\"{&quot;eael_account_dashboard_table_header_column_alignment&quot;:&quot;left&quot;,&quot;eael_account_dashboard_table_body_column_alignment&quot;:&quot;left&quot;}\" data-widget_type=\"eael-woo-account-dashboard.default\">\n\t\t\t\t<div class=\"elementor-widget-container\">\n\t\t\t\t\t\n        <div>\n            <div class=\"eael-account-dashboard-wrapper preset-1\">\n    <div class=\"eael-account-dashboard-body\">\n        <div class=\"eael-account-dashboard-container\">\n            \t\t<div class=\"eael-account-dashboard-navbar eael-d-none\">\n\t\t\t\n<nav class=\"woocommerce-MyAccount-navigation\" aria-label=\"Account pages\" data-no-translation-aria-label=\"\">\n\t<ul>\n\t\t\t\t\t<li class=\"woocommerce-MyAccount-navigation-link woocommerce-MyAccount-navigation-link--dashboard\">\n\t\t\t\t<a href=\"https:\/\/catalogo.recanvia.com\/en\/mi-cuenta\/\" >\n\t\t\t\t\tInicio\t\t\t\t<\/a>\n\t\t\t<\/li>\n\t\t\t\t\t<li class=\"woocommerce-MyAccount-navigation-link woocommerce-MyAccount-navigation-link--orders\">\n\t\t\t\t<a href=\"https:\/\/catalogo.recanvia.com\/en\/mi-cuenta\/orders\/\" >\n\t\t\t\t\tPedidos\t\t\t\t<\/a>\n\t\t\t<\/li>\n\t\t\t\t\t<li class=\"woocommerce-MyAccount-navigation-link woocommerce-MyAccount-navigation-link--downloads\">\n\t\t\t\t<a href=\"https:\/\/catalogo.recanvia.com\/en\/mi-cuenta\/downloads\/\" >\n\t\t\t\t\tDescargas\t\t\t\t<\/a>\n\t\t\t<\/li>\n\t\t\t\t\t<li class=\"woocommerce-MyAccount-navigation-link woocommerce-MyAccount-navigation-link--edit-address\">\n\t\t\t\t<a href=\"https:\/\/catalogo.recanvia.com\/en\/mi-cuenta\/edit-address\/\" >\n\t\t\t\t\tDirecciones\t\t\t\t<\/a>\n\t\t\t<\/li>\n\t\t\t\t\t<li class=\"woocommerce-MyAccount-navigation-link woocommerce-MyAccount-navigation-link--edit-account\">\n\t\t\t\t<a href=\"https:\/\/catalogo.recanvia.com\/en\/mi-cuenta\/edit-account\/\" >\n\t\t\t\t\tDetalles de la cuenta\t\t\t\t<\/a>\n\t\t\t<\/li>\n\t\t\t\t\t<li class=\"woocommerce-MyAccount-navigation-link woocommerce-MyAccount-navigation-link--customer-logout\">\n\t\t\t\t<a href=\"https:\/\/catalogo.recanvia.com\/en\/mi-cuenta\/customer-logout\/?_wpnonce=eee196de8e\" >\n\t\t\t\t\tDesconectarse\t\t\t\t<\/a>\n\t\t\t<\/li>\n\t\t\t<\/ul>\n<\/nav>\n\n\n\t\t\t\t\t<\/div>\n\t\t            \t\t<div class=\"eael-account-dashboard-content\">\n\t\t\t<div class=\"woocommerce\"><\/div>\t\t<\/div>\n\t\t        <\/div>\n    <\/div>\n<\/div>        <\/div>\n\n\t\t\t\t\t\t<\/div>\n\t\t\t\t<\/div>\n\t\t\t\t\t<\/div>\n\t\t\t\t<\/div>\n\t\t\t\t<\/div>","protected":false},"excerpt":{"rendered":"<p>Mi Cuenta de Recanvia Inicio Pedidos Descargas Direcciones Detalles de la cuenta Desconectarse Pol Inicio Pedidos Descargas Direcciones Detalles de la cuenta Desconectarse Hola Pol (\u00bfno eres Pol? Cerrar sesi\u00f3n) Desde el escritorio de tu cuenta puedes ver tus pedidos recientes, gestionar tus direcciones de env\u00edo y facturaci\u00f3n y editar tu contrase\u00f1a y los detalles [&hellip;]<\/p>\n","protected":false},"author":4,"featured_media":0,"parent":0,"menu_order":0,"comment_status":"closed","ping_status":"closed","template":"","meta":{"footnotes":""},"class_list":["post-28222","page","type-page","status-publish","hentry"],"yoast_head":"<!-- This site is optimized with the Yoast SEO plugin v27.0 - https:\/\/yoast.com\/product\/yoast-seo-wordpress\/ -->\n<title>Mi Cuenta - Catalogo Recanvia<\/title>\n<meta name=\"robots\" content=\"index, follow, max-snippet:-1, max-image-preview:large, max-video-preview:-1\" \/>\n<link rel=\"canonical\" href=\"https:\/\/catalogo.recanvia.com\/en\/mi-cuenta\/\" \/>\n<meta property=\"og:locale\" content=\"en_US\" \/>\n<meta property=\"og:type\" content=\"article\" \/>\n<meta property=\"og:title\" content=\"Mi Cuenta - Catalogo Recanvia\" \/>\n<meta property=\"og:description\" content=\"Mi Cuenta de Recanvia Inicio Pedidos Descargas Direcciones Detalles de la cuenta Desconectarse Pol Inicio Pedidos Descargas Direcciones Detalles de la cuenta Desconectarse Hola Pol (\u00bfno eres Pol? Cerrar sesi\u00f3n) Desde el escritorio de tu cuenta puedes ver tus pedidos recientes, gestionar tus direcciones de env\u00edo y facturaci\u00f3n y editar tu contrase\u00f1a y los detalles [&hellip;]\" \/>\n<meta property=\"og:url\" content=\"https:\/\/catalogo.recanvia.com\/en\/mi-cuenta\/\" \/>\n<meta property=\"og:site_name\" content=\"Catalogo Recanvia\" \/>\n<meta property=\"article:modified_time\" content=\"2025-12-05T10:44:17+00:00\" \/>\n<meta name=\"twitter:card\" content=\"summary_large_image\" \/>\n<meta name=\"twitter:label1\" content=\"Est. reading time\" \/>\n\t<meta name=\"twitter:data1\" content=\"1 minute\" \/>\n<script type=\"application\/ld+json\" class=\"yoast-schema-graph\">{\"@context\":\"https:\/\/schema.org\",\"@graph\":[{\"@type\":\"WebPage\",\"@id\":\"https:\/\/catalogo.recanvia.com\/mi-cuenta\/\",\"url\":\"https:\/\/catalogo.recanvia.com\/mi-cuenta\/\",\"name\":\"Mi Cuenta - Catalogo Recanvia\",\"isPartOf\":{\"@id\":\"https:\/\/catalogo.recanvia.com\/#website\"},\"datePublished\":\"2025-12-05T10:18:29+00:00\",\"dateModified\":\"2025-12-05T10:44:17+00:00\",\"breadcrumb\":{\"@id\":\"https:\/\/catalogo.recanvia.com\/mi-cuenta\/#breadcrumb\"},\"inLanguage\":\"en-US\",\"potentialAction\":[{\"@type\":\"ReadAction\",\"target\":[\"https:\/\/catalogo.recanvia.com\/mi-cuenta\/\"]}]},{\"@type\":\"BreadcrumbList\",\"@id\":\"https:\/\/catalogo.recanvia.com\/mi-cuenta\/#breadcrumb\",\"itemListElement\":[{\"@type\":\"ListItem\",\"position\":1,\"name\":\"Portada\",\"item\":\"https:\/\/catalogo.recanvia.com\/\"},{\"@type\":\"ListItem\",\"position\":2,\"name\":\"Mi Cuenta\"}]},{\"@type\":\"WebSite\",\"@id\":\"https:\/\/catalogo.recanvia.com\/#website\",\"url\":\"https:\/\/catalogo.recanvia.com\/\",\"name\":\"Catalogo Recanvia\",\"description\":\"Bienvenido al Catalogo online de Recanvia\",\"publisher\":{\"@id\":\"https:\/\/catalogo.recanvia.com\/#organization\"},\"potentialAction\":[{\"@type\":\"SearchAction\",\"target\":{\"@type\":\"EntryPoint\",\"urlTemplate\":\"https:\/\/catalogo.recanvia.com\/?s={search_term_string}\"},\"query-input\":{\"@type\":\"PropertyValueSpecification\",\"valueRequired\":true,\"valueName\":\"search_term_string\"}}],\"inLanguage\":\"en-US\"},{\"@type\":\"Organization\",\"@id\":\"https:\/\/catalogo.recanvia.com\/#organization\",\"name\":\"Recanvia\",\"url\":\"https:\/\/catalogo.recanvia.com\/\",\"logo\":{\"@type\":\"ImageObject\",\"inLanguage\":\"en-US\",\"@id\":\"https:\/\/catalogo.recanvia.com\/#\/schema\/logo\/image\/\",\"url\":\"https:\/\/catalogo.recanvia.com\/wp-content\/uploads\/2019\/05\/RECANVIA-Logo-Vectoritzat-I.png\",\"contentUrl\":\"https:\/\/catalogo.recanvia.com\/wp-content\/uploads\/2019\/05\/RECANVIA-Logo-Vectoritzat-I.png\",\"width\":879,\"height\":241,\"caption\":\"Recanvia\"},\"image\":{\"@id\":\"https:\/\/catalogo.recanvia.com\/#\/schema\/logo\/image\/\"}}]}<\/script>\n<!-- \/ Yoast SEO plugin. -->","yoast_head_json":{"title":"Mi Cuenta - Catalogo Recanvia","robots":{"index":"index","follow":"follow","max-snippet":"max-snippet:-1","max-image-preview":"max-image-preview:large","max-video-preview":"max-video-preview:-1"},"canonical":"https:\/\/catalogo.recanvia.com\/en\/mi-cuenta\/","og_locale":"en_US","og_type":"article","og_title":"Mi Cuenta - Catalogo Recanvia","og_description":"Mi Cuenta de Recanvia Inicio Pedidos Descargas Direcciones Detalles de la cuenta Desconectarse Pol Inicio Pedidos Descargas Direcciones Detalles de la cuenta Desconectarse Hola Pol (\u00bfno eres Pol? Cerrar sesi\u00f3n) Desde el escritorio de tu cuenta puedes ver tus pedidos recientes, gestionar tus direcciones de env\u00edo y facturaci\u00f3n y editar tu contrase\u00f1a y los detalles [&hellip;]","og_url":"https:\/\/catalogo.recanvia.com\/en\/mi-cuenta\/","og_site_name":"Catalogo Recanvia","article_modified_time":"2025-12-05T10:44:17+00:00","twitter_card":"summary_large_image","twitter_misc":{"Est. reading time":"1 minute"},"schema":{"@context":"https:\/\/schema.org","@graph":[{"@type":"WebPage","@id":"https:\/\/catalogo.recanvia.com\/mi-cuenta\/","url":"https:\/\/catalogo.recanvia.com\/mi-cuenta\/","name":"Mi Cuenta - Catalogo Recanvia","isPartOf":{"@id":"https:\/\/catalogo.recanvia.com\/#website"},"datePublished":"2025-12-05T10:18:29+00:00","dateModified":"2025-12-05T10:44:17+00:00","breadcrumb":{"@id":"https:\/\/catalogo.recanvia.com\/mi-cuenta\/#breadcrumb"},"inLanguage":"en-US","potentialAction":[{"@type":"ReadAction","target":["https:\/\/catalogo.recanvia.com\/mi-cuenta\/"]}]},{"@type":"BreadcrumbList","@id":"https:\/\/catalogo.recanvia.com\/mi-cuenta\/#breadcrumb","itemListElement":[{"@type":"ListItem","position":1,"name":"Portada","item":"https:\/\/catalogo.recanvia.com\/"},{"@type":"ListItem","position":2,"name":"Mi Cuenta"}]},{"@type":"WebSite","@id":"https:\/\/catalogo.recanvia.com\/#website","url":"https:\/\/catalogo.recanvia.com\/","name":"Catalogo Recanvia","description":"Bienvenido al Catalogo online de Recanvia","publisher":{"@id":"https:\/\/catalogo.recanvia.com\/#organization"},"potentialAction":[{"@type":"SearchAction","target":{"@type":"EntryPoint","urlTemplate":"https:\/\/catalogo.recanvia.com\/?s={search_term_string}"},"query-input":{"@type":"PropertyValueSpecification","valueRequired":true,"valueName":"search_term_string"}}],"inLanguage":"en-US"},{"@type":"Organization","@id":"https:\/\/catalogo.recanvia.com\/#organization","name":"Recanvia","url":"https:\/\/catalogo.recanvia.com\/","logo":{"@type":"ImageObject","inLanguage":"en-US","@id":"https:\/\/catalogo.recanvia.com\/#\/schema\/logo\/image\/","url":"https:\/\/catalogo.recanvia.com\/wp-content\/uploads\/2019\/05\/RECANVIA-Logo-Vectoritzat-I.png","contentUrl":"https:\/\/catalogo.recanvia.com\/wp-content\/uploads\/2019\/05\/RECANVIA-Logo-Vectoritzat-I.png","width":879,"height":241,"caption":"Recanvia"},"image":{"@id":"https:\/\/catalogo.recanvia.com\/#\/schema\/logo\/image\/"}}]}},"jetpack_sharing_enabled":true,"_links":{"self":[{"href":"https:\/\/catalogo.recanvia.com\/en\/wp-json\/wp\/v2\/pages\/28222","targetHints":{"allow":["GET"]}}],"collection":[{"href":"https:\/\/catalogo.recanvia.com\/en\/wp-json\/wp\/v2\/pages"}],"about":[{"href":"https:\/\/catalogo.recanvia.com\/en\/wp-json\/wp\/v2\/types\/page"}],"author":[{"embeddable":true,"href":"https:\/\/catalogo.recanvia.com\/en\/wp-json\/wp\/v2\/users\/4"}],"replies":[{"embeddable":true,"href":"https:\/\/catalogo.recanvia.com\/en\/wp-json\/wp\/v2\/comments?post=28222"}],"version-history":[{"count":5,"href":"https:\/\/catalogo.recanvia.com\/en\/wp-json\/wp\/v2\/pages\/28222\/revisions"}],"predecessor-version":[{"id":28256,"href":"https:\/\/catalogo.recanvia.com\/en\/wp-json\/wp\/v2\/pages\/28222\/revisions\/28256"}],"wp:attachment":[{"href":"https:\/\/catalogo.recanvia.com\/en\/wp-json\/wp\/v2\/media?parent=28222"}],"curies":[{"name":"wp","href":"https:\/\/api.w.org\/{rel}","templated":true}]}}