{"id":11151,"date":"2021-01-04T13:27:12","date_gmt":"2021-01-04T12:27:12","guid":{"rendered":"https:\/\/catalogo.recanvia.com\/?page_id=11151"},"modified":"2025-11-24T12:40:44","modified_gmt":"2025-11-24T11:40:44","slug":"compra-rapida","status":"publish","type":"page","link":"https:\/\/catalogo.recanvia.com\/en\/compra-rapida\/","title":{"rendered":"Compra R\u00e1pida"},"content":{"rendered":"<div data-elementor-type=\"wp-page\" data-elementor-id=\"11151\" class=\"elementor elementor-11151\" data-elementor-post-type=\"page\">\n\t\t\t\t<div class=\"elementor-element elementor-element-55146596 e-con-full e-flex e-con e-parent\" data-id=\"55146596\" data-element_type=\"container\" data-e-type=\"container\" data-settings=\"{&quot;jet_parallax_layout_list&quot;:[]}\">\n\t\t\t\t<div class=\"elementor-element elementor-element-5d46c5b0 elementor-widget elementor-widget-template\" data-id=\"5d46c5b0\" data-element_type=\"widget\" data-e-type=\"widget\" data-widget_type=\"template.default\">\n\t\t\t\t<div class=\"elementor-widget-container\">\n\t\t\t\t\t\t\t<div class=\"elementor-template\">\n\t\t\t\t\t<footer data-elementor-type=\"footer\" data-elementor-id=\"6622\" class=\"elementor elementor-6622\" data-elementor-post-type=\"elementor_library\">\n\t\t\t<div class=\"elementor-element elementor-element-8950710 e-flex e-con-boxed e-con e-parent\" data-id=\"8950710\" data-element_type=\"container\" data-e-type=\"container\" data-settings=\"{&quot;background_background&quot;:&quot;classic&quot;,&quot;jet_parallax_layout_list&quot;:[]}\">\n\t\t\t\t\t<div class=\"e-con-inner\">\n\t\t<div class=\"elementor-element elementor-element-6c304d4 e-con-full e-flex e-con e-child\" data-id=\"6c304d4\" data-element_type=\"container\" data-e-type=\"container\" data-settings=\"{&quot;jet_parallax_layout_list&quot;:[]}\">\n\t\t\t\t<div class=\"elementor-element elementor-element-f752c62 elementor-widget elementor-widget-image\" data-id=\"f752c62\" data-element_type=\"widget\" data-e-type=\"widget\" data-widget_type=\"image.default\">\n\t\t\t\t<div class=\"elementor-widget-container\">\n\t\t\t\t\t\t\t\t\t\t\t\t\t\t\t<img fetchpriority=\"high\" decoding=\"async\" width=\"1186\" height=\"335\" src=\"https:\/\/catalogo.recanvia.com\/wp-content\/uploads\/recan-loco-white-1.png\" class=\"attachment-full size-full wp-image-28070\" alt=\"\" srcset=\"https:\/\/catalogo.recanvia.com\/wp-content\/uploads\/recan-loco-white-1.png 1186w, https:\/\/catalogo.recanvia.com\/wp-content\/uploads\/recan-loco-white-1-500x141.png 500w, https:\/\/catalogo.recanvia.com\/wp-content\/uploads\/recan-loco-white-1-1024x289.png 1024w, https:\/\/catalogo.recanvia.com\/wp-content\/uploads\/recan-loco-white-1-768x217.png 768w, https:\/\/catalogo.recanvia.com\/wp-content\/uploads\/recan-loco-white-1-18x5.png 18w, https:\/\/catalogo.recanvia.com\/wp-content\/uploads\/recan-loco-white-1-600x169.png 600w\" sizes=\"(max-width: 1186px) 100vw, 1186px\" \/>\t\t\t\t\t\t\t\t\t\t\t\t\t\t\t<\/div>\n\t\t\t\t<\/div>\n\t\t\t\t<\/div>\n\t\t<div class=\"elementor-element elementor-element-10f15b1 e-con-full e-flex e-con e-child\" data-id=\"10f15b1\" data-element_type=\"container\" data-e-type=\"container\" data-settings=\"{&quot;jet_parallax_layout_list&quot;:[]}\">\n\t\t<div class=\"elementor-element elementor-element-6d3aa91 e-con-full e-flex e-con e-child\" data-id=\"6d3aa91\" data-element_type=\"container\" data-e-type=\"container\" data-settings=\"{&quot;jet_parallax_layout_list&quot;:[]}\">\n\t\t\t\t<div class=\"elementor-element elementor-element-2dfc3fc elementor-widget elementor-widget-heading\" data-id=\"2dfc3fc\" data-element_type=\"widget\" data-e-type=\"widget\" data-widget_type=\"heading.default\">\n\t\t\t\t<div class=\"elementor-widget-container\">\n\t\t\t\t\t<div class=\"elementor-heading-title elementor-size-default\">Recanvia Espa\u00f1a<\/div>\t\t\t\t<\/div>\n\t\t\t\t<\/div>\n\t\t\t\t<div class=\"elementor-element elementor-element-53aadc6 elementor-widget elementor-widget-text-editor\" data-id=\"53aadc6\" data-element_type=\"widget\" data-e-type=\"widget\" data-widget_type=\"text-editor.default\">\n\t\t\t\t<div class=\"elementor-widget-container\">\n\t\t\t\t\t\t\t\t\t<p>C\/ Montseny, no 5. (P.l. La Teuleria)<br \/>08792 La Granada, Barcelona, Espa\u00f1a<\/p><p>Tel\u00e9fono: +34 93 858 89 95<\/p><p>Email:\u00a0<a href=\"mailto:info@recanvia.com\">info@recanvia.com<\/a><\/p><p>Horario:\u00a0Lunes a Viernes de 9:00 a 14:00 y de 15:00 a 18:00.<\/p>\t\t\t\t\t\t\t\t<\/div>\n\t\t\t\t<\/div>\n\t\t\t\t<\/div>\n\t\t<div class=\"elementor-element elementor-element-48ebca6 e-con-full e-flex e-con e-child\" data-id=\"48ebca6\" data-element_type=\"container\" data-e-type=\"container\" data-settings=\"{&quot;jet_parallax_layout_list&quot;:[]}\">\n\t\t\t\t<div class=\"elementor-element elementor-element-cfe00da elementor-widget elementor-widget-heading\" data-id=\"cfe00da\" data-element_type=\"widget\" data-e-type=\"widget\" data-widget_type=\"heading.default\">\n\t\t\t\t<div class=\"elementor-widget-container\">\n\t\t\t\t\t<div class=\"elementor-heading-title elementor-size-default\">Recanvia China<\/div>\t\t\t\t<\/div>\n\t\t\t\t<\/div>\n\t\t\t\t<div class=\"elementor-element elementor-element-505019a elementor-widget elementor-widget-text-editor\" data-id=\"505019a\" data-element_type=\"widget\" data-e-type=\"widget\" data-widget_type=\"text-editor.default\">\n\t\t\t\t<div class=\"elementor-widget-container\">\n\t\t\t\t\t\t\t\t\t<p>No. 22, South Hebei 2nd Road, Xingtan Town<br \/>Shunde District, Foshan City, China<\/p><p>Tel\u00e9fono: +86 198 7570 9428<\/p><p>Email:\u00a0<a href=\"mailto:info@recanvia.com\">info@recanvia.com<\/a><\/p><p>Horario:\u00a0Lunes a Viernes de 9:00 a 14:00 y de 15:00 a 18:00.<\/p>\t\t\t\t\t\t\t\t<\/div>\n\t\t\t\t<\/div>\n\t\t\t\t<\/div>\n\t\t<div class=\"elementor-element elementor-element-7de161c e-con-full e-flex e-con e-child\" data-id=\"7de161c\" data-element_type=\"container\" data-e-type=\"container\" data-settings=\"{&quot;jet_parallax_layout_list&quot;:[]}\">\n\t\t\t\t<div class=\"elementor-element elementor-element-35b38e3 elementor-widget elementor-widget-heading\" data-id=\"35b38e3\" data-element_type=\"widget\" data-e-type=\"widget\" data-widget_type=\"heading.default\">\n\t\t\t\t<div class=\"elementor-widget-container\">\n\t\t\t\t\t<div class=\"elementor-heading-title elementor-size-default\">Nuestros Productos<\/div>\t\t\t\t<\/div>\n\t\t\t\t<\/div>\n\t\t\t\t<div class=\"elementor-element elementor-element-1f8a94a elementor-nav-menu--dropdown-none elementor-widget__width-auto elementor-nav-menu__align-start elementor-widget elementor-widget-nav-menu\" data-id=\"1f8a94a\" data-element_type=\"widget\" data-e-type=\"widget\" data-settings=\"{&quot;layout&quot;:&quot;vertical&quot;,&quot;submenu_icon&quot;:{&quot;value&quot;:&quot;&lt;i class=\\&quot;\\&quot; aria-hidden=\\&quot;true\\&quot;&gt;&lt;\\\/i&gt;&quot;,&quot;library&quot;:&quot;&quot;}}\" data-widget_type=\"nav-menu.default\">\n\t\t\t\t<div class=\"elementor-widget-container\">\n\t\t\t\t\t\t\t\t<nav aria-label=\"Men\u00fa\" class=\"elementor-nav-menu--main elementor-nav-menu__container elementor-nav-menu--layout-vertical e--pointer-none\">\n\t\t\t\t<ul id=\"menu-1-1f8a94a\" class=\"elementor-nav-menu sm-vertical\"><li class=\"menu-item menu-item-type-taxonomy menu-item-object-product_cat menu-item-25677\"><a href=\"https:\/\/catalogo.recanvia.com\/en\/sistema-electrico\/\" class=\"elementor-item\">Sistema el\u00e9ctrico<\/a><\/li>\n<li class=\"menu-item menu-item-type-taxonomy menu-item-object-product_cat menu-item-25679\"><a href=\"https:\/\/catalogo.recanvia.com\/en\/iluminacion\/\" class=\"elementor-item\">Iluminaci\u00f3n<\/a><\/li>\n<li class=\"menu-item menu-item-type-taxonomy menu-item-object-product_cat menu-item-25681\"><a href=\"https:\/\/catalogo.recanvia.com\/en\/refrigeracion\/\" class=\"elementor-item\">Refrigeraci\u00f3n<\/a><\/li>\n<li class=\"menu-item menu-item-type-taxonomy menu-item-object-product_cat menu-item-25680\"><a href=\"https:\/\/catalogo.recanvia.com\/en\/frenos\/\" class=\"elementor-item\">Frenos<\/a><\/li>\n<li class=\"menu-item menu-item-type-taxonomy menu-item-object-product_cat menu-item-25682\"><a href=\"https:\/\/catalogo.recanvia.com\/en\/bastidor\/\" class=\"elementor-item\">Bastidor<\/a><\/li>\n<li class=\"menu-item menu-item-type-taxonomy menu-item-object-product_cat menu-item-25678\"><a href=\"https:\/\/catalogo.recanvia.com\/en\/motor\/\" class=\"elementor-item\">Motor<\/a><\/li>\n<li class=\"menu-item menu-item-type-taxonomy menu-item-object-product_cat menu-item-25683\"><a href=\"https:\/\/catalogo.recanvia.com\/en\/filtros\/\" class=\"elementor-item\">Filtros<\/a><\/li>\n<li class=\"menu-item menu-item-type-taxonomy menu-item-object-product_cat menu-item-25684\"><a href=\"https:\/\/catalogo.recanvia.com\/en\/s-hidraulico-mastil\/\" class=\"elementor-item\">S. Hidr\u00e1ulico y M\u00e1stil<\/a><\/li>\n<\/ul>\t\t\t<\/nav>\n\t\t\t\t\t\t<nav class=\"elementor-nav-menu--dropdown elementor-nav-menu__container\" aria-hidden=\"true\">\n\t\t\t\t<ul id=\"menu-2-1f8a94a\" class=\"elementor-nav-menu sm-vertical\"><li class=\"menu-item menu-item-type-taxonomy menu-item-object-product_cat menu-item-25677\"><a href=\"https:\/\/catalogo.recanvia.com\/en\/sistema-electrico\/\" class=\"elementor-item\" tabindex=\"-1\">Sistema el\u00e9ctrico<\/a><\/li>\n<li class=\"menu-item menu-item-type-taxonomy menu-item-object-product_cat menu-item-25679\"><a href=\"https:\/\/catalogo.recanvia.com\/en\/iluminacion\/\" class=\"elementor-item\" tabindex=\"-1\">Iluminaci\u00f3n<\/a><\/li>\n<li class=\"menu-item menu-item-type-taxonomy menu-item-object-product_cat menu-item-25681\"><a href=\"https:\/\/catalogo.recanvia.com\/en\/refrigeracion\/\" class=\"elementor-item\" tabindex=\"-1\">Refrigeraci\u00f3n<\/a><\/li>\n<li class=\"menu-item menu-item-type-taxonomy menu-item-object-product_cat menu-item-25680\"><a href=\"https:\/\/catalogo.recanvia.com\/en\/frenos\/\" class=\"elementor-item\" tabindex=\"-1\">Frenos<\/a><\/li>\n<li class=\"menu-item menu-item-type-taxonomy menu-item-object-product_cat menu-item-25682\"><a href=\"https:\/\/catalogo.recanvia.com\/en\/bastidor\/\" class=\"elementor-item\" tabindex=\"-1\">Bastidor<\/a><\/li>\n<li class=\"menu-item menu-item-type-taxonomy menu-item-object-product_cat menu-item-25678\"><a href=\"https:\/\/catalogo.recanvia.com\/en\/motor\/\" class=\"elementor-item\" tabindex=\"-1\">Motor<\/a><\/li>\n<li class=\"menu-item menu-item-type-taxonomy menu-item-object-product_cat menu-item-25683\"><a href=\"https:\/\/catalogo.recanvia.com\/en\/filtros\/\" class=\"elementor-item\" tabindex=\"-1\">Filtros<\/a><\/li>\n<li class=\"menu-item menu-item-type-taxonomy menu-item-object-product_cat menu-item-25684\"><a href=\"https:\/\/catalogo.recanvia.com\/en\/s-hidraulico-mastil\/\" class=\"elementor-item\" tabindex=\"-1\">S. Hidr\u00e1ulico y M\u00e1stil<\/a><\/li>\n<\/ul>\t\t\t<\/nav>\n\t\t\t\t\t\t<\/div>\n\t\t\t\t<\/div>\n\t\t\t\t<\/div>\n\t\t<div class=\"elementor-element elementor-element-c9c9c3c e-con-full e-flex e-con e-child\" data-id=\"c9c9c3c\" data-element_type=\"container\" data-e-type=\"container\" data-settings=\"{&quot;jet_parallax_layout_list&quot;:[]}\">\n\t\t\t\t<div class=\"elementor-element elementor-element-3e5909d elementor-widget elementor-widget-heading\" data-id=\"3e5909d\" data-element_type=\"widget\" data-e-type=\"widget\" data-widget_type=\"heading.default\">\n\t\t\t\t<div class=\"elementor-widget-container\">\n\t\t\t\t\t<div class=\"elementor-heading-title elementor-size-default\">P\u00e1ginas de inter\u00e9s<\/div>\t\t\t\t<\/div>\n\t\t\t\t<\/div>\n\t\t\t\t<div class=\"elementor-element elementor-element-75a91d0 elementor-nav-menu--dropdown-none elementor-widget__width-auto elementor-nav-menu__align-start elementor-widget elementor-widget-nav-menu\" data-id=\"75a91d0\" data-element_type=\"widget\" data-e-type=\"widget\" data-settings=\"{&quot;layout&quot;:&quot;vertical&quot;,&quot;submenu_icon&quot;:{&quot;value&quot;:&quot;&lt;i class=\\&quot;fas fa-caret-down\\&quot; aria-hidden=\\&quot;true\\&quot;&gt;&lt;\\\/i&gt;&quot;,&quot;library&quot;:&quot;fa-solid&quot;}}\" data-widget_type=\"nav-menu.default\">\n\t\t\t\t<div class=\"elementor-widget-container\">\n\t\t\t\t\t\t\t\t<nav aria-label=\"Men\u00fa\" class=\"elementor-nav-menu--main elementor-nav-menu__container elementor-nav-menu--layout-vertical e--pointer-none\">\n\t\t\t\t<ul id=\"menu-1-75a91d0\" class=\"elementor-nav-menu sm-vertical\"><li class=\"menu-item menu-item-type-post_type menu-item-object-page menu-item-25686\"><a href=\"https:\/\/catalogo.recanvia.com\/en\/compra-rapida\/\" class=\"elementor-item\">Compra R\u00e1pida<\/a><\/li>\n<li class=\"menu-item menu-item-type-post_type menu-item-object-page menu-item-25687\"><a href=\"https:\/\/catalogo.recanvia.com\/en\/presupuestos\/\" class=\"elementor-item\">Presupuestos<\/a><\/li>\n<li class=\"menu-item menu-item-type-post_type menu-item-object-page menu-item-1778\"><a href=\"https:\/\/catalogo.recanvia.com\/en\/politica-de-privacidad\/\" class=\"elementor-item\">Pol\u00edtica de Privacidad<\/a><\/li>\n<li class=\"menu-item menu-item-type-post_type menu-item-object-page menu-item-1779\"><a href=\"https:\/\/catalogo.recanvia.com\/en\/aviso-legal\/\" class=\"elementor-item\">Aviso Legal<\/a><\/li>\n<\/ul>\t\t\t<\/nav>\n\t\t\t\t\t\t<nav class=\"elementor-nav-menu--dropdown elementor-nav-menu__container\" aria-hidden=\"true\">\n\t\t\t\t<ul id=\"menu-2-75a91d0\" class=\"elementor-nav-menu sm-vertical\"><li class=\"menu-item menu-item-type-post_type menu-item-object-page menu-item-25686\"><a href=\"https:\/\/catalogo.recanvia.com\/en\/compra-rapida\/\" class=\"elementor-item\" tabindex=\"-1\">Compra R\u00e1pida<\/a><\/li>\n<li class=\"menu-item menu-item-type-post_type menu-item-object-page menu-item-25687\"><a href=\"https:\/\/catalogo.recanvia.com\/en\/presupuestos\/\" class=\"elementor-item\" tabindex=\"-1\">Presupuestos<\/a><\/li>\n<li class=\"menu-item menu-item-type-post_type menu-item-object-page menu-item-1778\"><a href=\"https:\/\/catalogo.recanvia.com\/en\/politica-de-privacidad\/\" class=\"elementor-item\" tabindex=\"-1\">Pol\u00edtica de Privacidad<\/a><\/li>\n<li class=\"menu-item menu-item-type-post_type menu-item-object-page menu-item-1779\"><a href=\"https:\/\/catalogo.recanvia.com\/en\/aviso-legal\/\" class=\"elementor-item\" tabindex=\"-1\">Aviso Legal<\/a><\/li>\n<\/ul>\t\t\t<\/nav>\n\t\t\t\t\t\t<\/div>\n\t\t\t\t<\/div>\n\t\t\t\t<\/div>\n\t\t\t\t<\/div>\n\t\t<div class=\"elementor-element elementor-element-9a60c7a e-flex e-con-boxed e-con e-child\" data-id=\"9a60c7a\" data-element_type=\"container\" data-e-type=\"container\" data-settings=\"{&quot;jet_parallax_layout_list&quot;:[]}\">\n\t\t\t\t\t<div class=\"e-con-inner\">\n\t\t\t\t<div class=\"elementor-element elementor-element-a7cd769 elementor-widget__width-auto elementor-widget elementor-widget-text-editor\" data-id=\"a7cd769\" data-element_type=\"widget\" data-e-type=\"widget\" data-widget_type=\"text-editor.default\">\n\t\t\t\t<div class=\"elementor-widget-container\">\n\t\t\t\t\t\t\t\t\tRecanvia \u00a9  2026&nbsp;&nbsp;&nbsp;|&nbsp;&nbsp; <a href=\"https:\/\/polforns.com\" target=\"blank\">Pol Forns Dise\u00f1o Web<\/a>\t\t\t\t\t\t\t\t<\/div>\n\t\t\t\t<\/div>\n\t\t\t\t\t<\/div>\n\t\t\t\t<\/div>\n\t\t\t\t\t<\/div>\n\t\t\t\t<\/div>\n\t\t\t\t<\/footer>\n\t\t\t\t<\/div>\n\t\t\t\t\t\t<\/div>\n\t\t\t\t<\/div>\n\t\t\t\t<\/div>\n\t\t\t\t<\/div>","protected":false},"excerpt":{"rendered":"<p>Compra R\u00e1pida Salir Salir de la compra r\u00e1pida Compra r\u00e1pidamente m\u00faltiples productos usando nuestros filtros o el buscador. Busca por nombre del producto o por su referencia. Filtra por Fam\u00edlia Todas Filtra por Fam\u00edlia Bastidor Alfombras Amortiguadores Cables acelerador Capo Eje delantero Eje trasero Ejes, Levas Ejes, Levas, Palancas Horquilla Soporte Ruedas Pedal acelerador Pedal [&hellip;]<\/p>\n","protected":false},"author":4,"featured_media":0,"parent":0,"menu_order":0,"comment_status":"closed","ping_status":"closed","template":"elementor_canvas","meta":{"footnotes":""},"class_list":["post-11151","page","type-page","status-publish","hentry"],"yoast_head":"<!-- This site is optimized with the Yoast SEO plugin v27.0 - https:\/\/yoast.com\/product\/yoast-seo-wordpress\/ -->\n<title>Compra R\u00e1pida - Catalogo Recanvia<\/title>\n<meta name=\"robots\" content=\"index, follow, max-snippet:-1, max-image-preview:large, max-video-preview:-1\" \/>\n<link rel=\"canonical\" href=\"https:\/\/catalogo.recanvia.com\/en\/compra-rapida\/\" \/>\n<meta property=\"og:locale\" content=\"en_US\" \/>\n<meta property=\"og:type\" content=\"article\" \/>\n<meta property=\"og:title\" content=\"Compra R\u00e1pida - Catalogo Recanvia\" \/>\n<meta property=\"og:description\" content=\"Compra R\u00e1pida Salir Salir de la compra r\u00e1pida Compra r\u00e1pidamente m\u00faltiples productos usando nuestros filtros o el buscador. Busca por nombre del producto o por su referencia. Filtra por Fam\u00edlia Todas Filtra por Fam\u00edlia Bastidor Alfombras Amortiguadores Cables acelerador Capo Eje delantero Eje trasero Ejes, Levas Ejes, Levas, Palancas Horquilla Soporte Ruedas Pedal acelerador Pedal [&hellip;]\" \/>\n<meta property=\"og:url\" content=\"https:\/\/catalogo.recanvia.com\/en\/compra-rapida\/\" \/>\n<meta property=\"og:site_name\" content=\"Catalogo Recanvia\" \/>\n<meta property=\"article:modified_time\" content=\"2025-11-24T11:40:44+00:00\" \/>\n<meta property=\"og:image\" content=\"https:\/\/catalogo.recanvia.com\/wp-content\/uploads\/101-001-1-300x300.jpg\" \/>\n<meta name=\"twitter:card\" content=\"summary_large_image\" \/>\n<meta name=\"twitter:label1\" content=\"Est. reading time\" \/>\n\t<meta name=\"twitter:data1\" content=\"12 minutes\" \/>\n<script type=\"application\/ld+json\" class=\"yoast-schema-graph\">{\"@context\":\"https:\/\/schema.org\",\"@graph\":[{\"@type\":\"WebPage\",\"@id\":\"https:\/\/catalogo.recanvia.com\/compra-rapida\/\",\"url\":\"https:\/\/catalogo.recanvia.com\/compra-rapida\/\",\"name\":\"Compra R\u00e1pida - Catalogo Recanvia\",\"isPartOf\":{\"@id\":\"https:\/\/catalogo.recanvia.com\/#website\"},\"primaryImageOfPage\":{\"@id\":\"https:\/\/catalogo.recanvia.com\/compra-rapida\/#primaryimage\"},\"image\":{\"@id\":\"https:\/\/catalogo.recanvia.com\/compra-rapida\/#primaryimage\"},\"thumbnailUrl\":\"https:\/\/catalogo.recanvia.com\/wp-content\/uploads\/101-001-1-300x300.jpg\",\"datePublished\":\"2021-01-04T12:27:12+00:00\",\"dateModified\":\"2025-11-24T11:40:44+00:00\",\"breadcrumb\":{\"@id\":\"https:\/\/catalogo.recanvia.com\/compra-rapida\/#breadcrumb\"},\"inLanguage\":\"en-US\",\"potentialAction\":[{\"@type\":\"ReadAction\",\"target\":[\"https:\/\/catalogo.recanvia.com\/compra-rapida\/\"]}]},{\"@type\":\"ImageObject\",\"inLanguage\":\"en-US\",\"@id\":\"https:\/\/catalogo.recanvia.com\/compra-rapida\/#primaryimage\",\"url\":\"https:\/\/catalogo.recanvia.com\/wp-content\/uploads\/101-001-1-300x300.jpg\",\"contentUrl\":\"https:\/\/catalogo.recanvia.com\/wp-content\/uploads\/101-001-1-300x300.jpg\"},{\"@type\":\"BreadcrumbList\",\"@id\":\"https:\/\/catalogo.recanvia.com\/compra-rapida\/#breadcrumb\",\"itemListElement\":[{\"@type\":\"ListItem\",\"position\":1,\"name\":\"Portada\",\"item\":\"https:\/\/catalogo.recanvia.com\/\"},{\"@type\":\"ListItem\",\"position\":2,\"name\":\"Compra R\u00e1pida\"}]},{\"@type\":\"WebSite\",\"@id\":\"https:\/\/catalogo.recanvia.com\/#website\",\"url\":\"https:\/\/catalogo.recanvia.com\/\",\"name\":\"Catalogo Recanvia\",\"description\":\"Bienvenido al Catalogo online de Recanvia\",\"publisher\":{\"@id\":\"https:\/\/catalogo.recanvia.com\/#organization\"},\"potentialAction\":[{\"@type\":\"SearchAction\",\"target\":{\"@type\":\"EntryPoint\",\"urlTemplate\":\"https:\/\/catalogo.recanvia.com\/?s={search_term_string}\"},\"query-input\":{\"@type\":\"PropertyValueSpecification\",\"valueRequired\":true,\"valueName\":\"search_term_string\"}}],\"inLanguage\":\"en-US\"},{\"@type\":\"Organization\",\"@id\":\"https:\/\/catalogo.recanvia.com\/#organization\",\"name\":\"Recanvia\",\"url\":\"https:\/\/catalogo.recanvia.com\/\",\"logo\":{\"@type\":\"ImageObject\",\"inLanguage\":\"en-US\",\"@id\":\"https:\/\/catalogo.recanvia.com\/#\/schema\/logo\/image\/\",\"url\":\"https:\/\/catalogo.recanvia.com\/wp-content\/uploads\/2019\/05\/RECANVIA-Logo-Vectoritzat-I.png\",\"contentUrl\":\"https:\/\/catalogo.recanvia.com\/wp-content\/uploads\/2019\/05\/RECANVIA-Logo-Vectoritzat-I.png\",\"width\":879,\"height\":241,\"caption\":\"Recanvia\"},\"image\":{\"@id\":\"https:\/\/catalogo.recanvia.com\/#\/schema\/logo\/image\/\"}}]}<\/script>\n<!-- \/ Yoast SEO plugin. -->","yoast_head_json":{"title":"Compra R\u00e1pida - Catalogo Recanvia","robots":{"index":"index","follow":"follow","max-snippet":"max-snippet:-1","max-image-preview":"max-image-preview:large","max-video-preview":"max-video-preview:-1"},"canonical":"https:\/\/catalogo.recanvia.com\/en\/compra-rapida\/","og_locale":"en_US","og_type":"article","og_title":"Compra R\u00e1pida - Catalogo Recanvia","og_description":"Compra R\u00e1pida Salir Salir de la compra r\u00e1pida Compra r\u00e1pidamente m\u00faltiples productos usando nuestros filtros o el buscador. Busca por nombre del producto o por su referencia. Filtra por Fam\u00edlia Todas Filtra por Fam\u00edlia Bastidor Alfombras Amortiguadores Cables acelerador Capo Eje delantero Eje trasero Ejes, Levas Ejes, Levas, Palancas Horquilla Soporte Ruedas Pedal acelerador Pedal [&hellip;]","og_url":"https:\/\/catalogo.recanvia.com\/en\/compra-rapida\/","og_site_name":"Catalogo Recanvia","article_modified_time":"2025-11-24T11:40:44+00:00","og_image":[{"url":"https:\/\/catalogo.recanvia.com\/wp-content\/uploads\/101-001-1-300x300.jpg","type":"","width":"","height":""}],"twitter_card":"summary_large_image","twitter_misc":{"Est. reading time":"12 minutes"},"schema":{"@context":"https:\/\/schema.org","@graph":[{"@type":"WebPage","@id":"https:\/\/catalogo.recanvia.com\/compra-rapida\/","url":"https:\/\/catalogo.recanvia.com\/compra-rapida\/","name":"Compra R\u00e1pida - Catalogo Recanvia","isPartOf":{"@id":"https:\/\/catalogo.recanvia.com\/#website"},"primaryImageOfPage":{"@id":"https:\/\/catalogo.recanvia.com\/compra-rapida\/#primaryimage"},"image":{"@id":"https:\/\/catalogo.recanvia.com\/compra-rapida\/#primaryimage"},"thumbnailUrl":"https:\/\/catalogo.recanvia.com\/wp-content\/uploads\/101-001-1-300x300.jpg","datePublished":"2021-01-04T12:27:12+00:00","dateModified":"2025-11-24T11:40:44+00:00","breadcrumb":{"@id":"https:\/\/catalogo.recanvia.com\/compra-rapida\/#breadcrumb"},"inLanguage":"en-US","potentialAction":[{"@type":"ReadAction","target":["https:\/\/catalogo.recanvia.com\/compra-rapida\/"]}]},{"@type":"ImageObject","inLanguage":"en-US","@id":"https:\/\/catalogo.recanvia.com\/compra-rapida\/#primaryimage","url":"https:\/\/catalogo.recanvia.com\/wp-content\/uploads\/101-001-1-300x300.jpg","contentUrl":"https:\/\/catalogo.recanvia.com\/wp-content\/uploads\/101-001-1-300x300.jpg"},{"@type":"BreadcrumbList","@id":"https:\/\/catalogo.recanvia.com\/compra-rapida\/#breadcrumb","itemListElement":[{"@type":"ListItem","position":1,"name":"Portada","item":"https:\/\/catalogo.recanvia.com\/"},{"@type":"ListItem","position":2,"name":"Compra R\u00e1pida"}]},{"@type":"WebSite","@id":"https:\/\/catalogo.recanvia.com\/#website","url":"https:\/\/catalogo.recanvia.com\/","name":"Catalogo Recanvia","description":"Bienvenido al Catalogo online de Recanvia","publisher":{"@id":"https:\/\/catalogo.recanvia.com\/#organization"},"potentialAction":[{"@type":"SearchAction","target":{"@type":"EntryPoint","urlTemplate":"https:\/\/catalogo.recanvia.com\/?s={search_term_string}"},"query-input":{"@type":"PropertyValueSpecification","valueRequired":true,"valueName":"search_term_string"}}],"inLanguage":"en-US"},{"@type":"Organization","@id":"https:\/\/catalogo.recanvia.com\/#organization","name":"Recanvia","url":"https:\/\/catalogo.recanvia.com\/","logo":{"@type":"ImageObject","inLanguage":"en-US","@id":"https:\/\/catalogo.recanvia.com\/#\/schema\/logo\/image\/","url":"https:\/\/catalogo.recanvia.com\/wp-content\/uploads\/2019\/05\/RECANVIA-Logo-Vectoritzat-I.png","contentUrl":"https:\/\/catalogo.recanvia.com\/wp-content\/uploads\/2019\/05\/RECANVIA-Logo-Vectoritzat-I.png","width":879,"height":241,"caption":"Recanvia"},"image":{"@id":"https:\/\/catalogo.recanvia.com\/#\/schema\/logo\/image\/"}}]}},"jetpack_sharing_enabled":true,"_links":{"self":[{"href":"https:\/\/catalogo.recanvia.com\/en\/wp-json\/wp\/v2\/pages\/11151","targetHints":{"allow":["GET"]}}],"collection":[{"href":"https:\/\/catalogo.recanvia.com\/en\/wp-json\/wp\/v2\/pages"}],"about":[{"href":"https:\/\/catalogo.recanvia.com\/en\/wp-json\/wp\/v2\/types\/page"}],"author":[{"embeddable":true,"href":"https:\/\/catalogo.recanvia.com\/en\/wp-json\/wp\/v2\/users\/4"}],"replies":[{"embeddable":true,"href":"https:\/\/catalogo.recanvia.com\/en\/wp-json\/wp\/v2\/comments?post=11151"}],"version-history":[{"count":5,"href":"https:\/\/catalogo.recanvia.com\/en\/wp-json\/wp\/v2\/pages\/11151\/revisions"}],"predecessor-version":[{"id":28101,"href":"https:\/\/catalogo.recanvia.com\/en\/wp-json\/wp\/v2\/pages\/11151\/revisions\/28101"}],"wp:attachment":[{"href":"https:\/\/catalogo.recanvia.com\/en\/wp-json\/wp\/v2\/media?parent=11151"}],"curies":[{"name":"wp","href":"https:\/\/api.w.org\/{rel}","templated":true}]}}